{"id":95,"date":"2012-09-12T22:31:33","date_gmt":"2012-09-12T20:31:33","guid":{"rendered":"https:\/\/lastminute-com.com\/reisen\/?page_id=95"},"modified":"2012-09-12T22:31:33","modified_gmt":"2012-09-12T20:31:33","slug":"europa","status":"publish","type":"page","link":"https:\/\/lastminute-com.com\/reisen\/pauschalreisen\/europa\/","title":{"rendered":"Europa"},"content":{"rendered":"<h3>Pauschalreisen Europa g\u00fcnstig buchen<\/h3>\n<h3>Hier finden Sie g\u00fcnstige Reiseangebote f\u00fcr einen Urlaub in Europa Hotels Pauschalreisen oder lastminute in Frankreich Deutschland Italien T\u00fcrkei Ungarn Bulgarien Rum\u00e4nien Portugal Polen Russland Tschechien Serbien Montenegro Kroatien Sweiz \u00d6sterreich oder in Spanien uvm.<\/h3>\n<div class=\"tabber\">\n<div class=\"tabbertab\">\n<h3>Angebote<\/h3>\n<p><b>Buchungsmaske g\u00fcnstige Reiseangebote Europa<\/b><\/p>\n<p><iframe loading=\"lazy\" frameborder=\"0\" src=\"https:\/\/comfort.traffics-ibe.com\/tibet.php?cfg=0080010080000000&#038;rmask=1&#038;hmask=1&#038;stp=2&#038;vnd=2&#038;bsd=60&#038;ref=13163&#038;ixp=pauschal&#038;typ=P&#038;epc=2&#038;col=weiss-orange\" width=\"620\" height=\"3000\" name=\"SELFHTML_in_a_box\"><\/p>\n<p>Ihr Browser kann leider keine eingebetteten Frames anzeigen:<br \/>\n  Sie k&ouml;nnen die eingebettete Seite &uuml;ber den folgenden Verweis<br \/>\n  aufrufen: <a href=\"https:\/\/comfort.traffics-ibe.com\/tibet.php?cfg=0080010080000000&#038;rmask=1&#038;hmask=1&#038;stp=2&#038;vnd=2&#038;bsd=60&#038;ref=13163&#038;ixp=pauschal&#038;typ=P&#038;epc=2&#038;col=weiss-orange\">zum buchen<\/a><\/p>\n<p><\/iframe><\/p><\/div>\n<div class=\"tabbertab\">\n<h3>Karte<\/h3>\n<div class=\"su-gmap su-u-responsive-media-yes\"><iframe loading=\"lazy\" width=\"600\" height=\"400\" src=\"\/\/maps.google.com\/maps?q=Europe&amp;output=embed\" title=\"\"><\/iframe><\/div>\n<\/div>\n<div class=\"tabbertab\">\n<h3>Info<\/h3>\n<p><b>Information zur Online Reise Buchung<\/b><br \/>\ndas geht ganz einfach, geben Sie Ihre gew\u00fcnschten Reisedaten in die Suchmaske ein, wie viele Personen, Abflug, R\u00fcckflug, wie viel Tage, Abflughafen, alle Regionen anklicken und unten in der Suchmaske Ihren Reisezielort klicken und es werden Ihnen die verschiedenen Reisepreise der verschiedenen Reiseveranstalter angezeigt jetzt gew\u00fcnschtes Abflugdatum klicken und Ihre pers\u00f6nlichen Daten eintragen gew\u00fcnschte Zahlungsart evtl. noch eine Reiser\u00fccktrittsversicherung dazu nehmen &#8211; AGB Ihr H\u00e4ckchen machen &#8211; jetzt Drucken anklicken &#8211; Reise anmelden buchen klicken und fertig.<br \/>\n<a href=\"http:\/\/reisen-travel.com\/reise-angebote\/wp-content\/uploads\/24-stunden-servicehotline-reisebuero-reisen-travel-com.jpg\" title=\"Reiseb\u00fcro Servicehotline\" rel=\"lightbox\"><img loading=\"lazy\" decoding=\"async\" src=\"http:\/\/reisen-travel.com\/reise-angebote\/wp-content\/uploads\/24-stunden-servicehotline-reisebuero-reisen-travel-com.jpg\" alt=\"Reiseservice Telefon\" title=\"Reiseb\u00fcro Servicehotline Telefon\" width=\"600\" height=\"180\" class=\"alignleft size-thumbnail wp-image-3256\" \/><\/a><\/p>\n<p>Um f\u00fcr eine Urlaubsregion alle Angebote auf einen Blick zu erhalten immer \u00dcberbegriff Ausw\u00e4hlen.<\/p>\n<p><font size=\"1\" color=\"#f4eeee\"><br \/>\n<marquee><b>Reiseangebote: 1 Tag, 2 Tage, 3 Tage, 4 Tage, 5 Tage, 6 Tage, 7 Tage, 8 Tage, 9 Tage, 10 Tage, 11 Tage, 12 Tage, 13 Tage, 14 Tage, 15 Tage, 16 Tage, 17 Tage, 18 Tage, 19 Tage, 20 Tage, 21 Tage, 1 Woche, 2 Wochen, 3 Wochen, 4 Wochen, Sterne, Hotels, Reisen unter 100 unter 200 unter 300 unter 400 unter 500 Euro 600 unter 700 unter 800, 900, 1000, 1100, bis 1200, bis 1300, bis 1400, bis 1500, bis 1600, bis 1700, bis 1800, bis 1900, bis 2000, bis 2100, bis 2200, bis 2300, bis 2400, bis 2500, bis 2600, bis 2700 Pro Person <\/b><\/marquee><\/font> <\/p>\n<\/p><\/div>\n<div class=\"tabbertab\">\n<h3>Wetter<\/h3>\n<table border=\"1\">\n<tr>\n<th align=\"left\" valign=\"top\" width=\"200\" height=\"75\">\n<a href=\"https:\/\/www.weatheronline.co.uk\/cgi-bin\/homecif?WMO=10384&#038;L=en&#038;WIDTH=180&#038;HEIGHT=150&#038;CLOUD=1&#038;V=2\" target=\"Angebote\" id=\"myfavorite\"><\/p>\n<h4>Berlin<\/h4>\n<p><\/a><\/p>\n<hr>\n<p><a href=\"https:\/\/www.weatheronline.co.uk\/cgi-bin\/homecif?WMO=10637&#038;L=en&#038;WIDTH=180&#038;HEIGHT=150&#038;CLOUD=1&#038;V=2\" target=\"Angebote\" id=\"myfavorite\"><\/p>\n<h4>Frankfurt<\/h4>\n<p><\/a><\/p>\n<hr>\n<p><a href=\"https:\/\/www.weatheronline.co.uk\/cgi-bin\/homecif?WMO=07149&#038;L=en&#038;WIDTH=180&#038;HEIGHT=150&#038;CLOUD=1&#038;V=2\" target=\"Angebote\" id=\"myfavorite\"><\/p>\n<h4>Paris<\/h4>\n<p><\/a><\/p>\n<hr>\n<p><a href=\"https:\/\/www.weatheronline.co.uk\/cgi-bin\/homecif?WMO=03772&#038;L=en&#038;WIDTH=180&#038;HEIGHT=150&#038;CLOUD=1&#038;V=2\" target=\"Angebote\" id=\"myfavorite\"><\/p>\n<h4>London<\/h4>\n<p><\/a><\/p>\n<hr>\n<p><br clear=all><\/p>\n<\/th>\n<th align=\"center\" valign=\"top\" width=\"200\"> <center>Wettervorhersage<\/center><br \/>\n <br \/><iframe loading=\"lazy\" frameborder=\"0\" width=\"300\" height=\"300\" src=\"https:\/\/www.weatheronline.co.uk\/cgi-bin\/homecif?WMO=10384&#038;L=en&#038;WIDTH=180&#038;HEIGHT=150&#038;CLOUD=1&#038;V=2\" name=\"Angebote\" scrolling=\"auto\"><\/iframe>\n<\/th>\n<th align=\"right\"  valign=\"top\" width=\"0\"><\/th>\n<\/tr>\n<\/tr>\n<\/table>\n<\/div>\n<\/div>\n","protected":false},"excerpt":{"rendered":"<p>Pauschalreisen Europa g\u00fcnstig buchen Hier finden Sie g\u00fcnstige Reiseangebote f\u00fcr einen Urlaub in Europa Hotels Pauschalreisen oder lastminute in Frankreich Deutschland Italien T\u00fcrkei Ungarn Bulgarien Rum\u00e4nien Portugal Polen Russland Tschechien Serbien Montenegro Kroatien Sweiz \u00d6sterreich oder in Spanien uvm. Angebote &hellip; <a href=\"https:\/\/lastminute-com.com\/reisen\/pauschalreisen\/europa\/\">Weiterlesen <span class=\"meta-nav\">&rarr;<\/span><\/a><\/p>\n","protected":false},"author":1,"featured_media":0,"parent":32,"menu_order":12,"comment_status":"closed","ping_status":"open","template":"sidebar-page.php","meta":{"footnotes":""},"class_list":["post-95","page","type-page","status-publish","hentry"],"_links":{"self":[{"href":"https:\/\/lastminute-com.com\/reisen\/wp-json\/wp\/v2\/pages\/95","targetHints":{"allow":["GET"]}}],"collection":[{"href":"https:\/\/lastminute-com.com\/reisen\/wp-json\/wp\/v2\/pages"}],"about":[{"href":"https:\/\/lastminute-com.com\/reisen\/wp-json\/wp\/v2\/types\/page"}],"author":[{"embeddable":true,"href":"https:\/\/lastminute-com.com\/reisen\/wp-json\/wp\/v2\/users\/1"}],"replies":[{"embeddable":true,"href":"https:\/\/lastminute-com.com\/reisen\/wp-json\/wp\/v2\/comments?post=95"}],"version-history":[{"count":0,"href":"https:\/\/lastminute-com.com\/reisen\/wp-json\/wp\/v2\/pages\/95\/revisions"}],"up":[{"embeddable":true,"href":"https:\/\/lastminute-com.com\/reisen\/wp-json\/wp\/v2\/pages\/32"}],"wp:attachment":[{"href":"https:\/\/lastminute-com.com\/reisen\/wp-json\/wp\/v2\/media?parent=95"}],"curies":[{"name":"wp","href":"https:\/\/api.w.org\/{rel}","templated":true}]}}