{"id":55,"date":"2012-09-11T03:24:58","date_gmt":"2012-09-11T01:24:58","guid":{"rendered":"https:\/\/lastminute-com.com\/reisen\/?page_id=55"},"modified":"2018-02-17T20:10:52","modified_gmt":"2018-02-17T18:10:52","slug":"agb","status":"publish","type":"page","link":"https:\/\/lastminute-com.com\/reisen\/home-2\/agb\/","title":{"rendered":"AGB"},"content":{"rendered":"<h3>Allgemeine Gesch\u00e4ftsbedingunge<\/h3>\n<p><strong>Fragen &#038; Antworten zu Ihrer Reisebuchung <a href=\"https:\/\/lastminute-com.com\/home\/buchungshilfe-urlaub-reisebuchung\/\">>>> Buchungshilfe <<<<\/a> <\/strong><\/p>\n<h3>Allgemeine Gesch\u00e4ftsbedingunge<\/h3>\n<div class=\"tabber\">\n<div class=\"tabbertab\">\n<h3>Info<\/h3>\n<p><iframe loading=\"lazy\" src=\"https:\/\/www.veranstalter-agb.de\" frameborder=\"0\" width=\"100%\" height=\"4000\"><\/iframe><\/p>\n<\/div>\n<div class=\"tabbertab\">\n<h3>lastminute-com.com<\/h3>\n<p><strong>Reisebuchung ist Vertauenssache Sicher Online Buchen<\/strong><\/p>\n<p>Wir stellen auf unserer Webpr\u00e4senz externen Reiseveranstaltern Reiseb\u00fcros Airlines Kreuzfahrtanbietern Autovermietungen Ferienhausvermittlern usw. Werbefl\u00e4chen f\u00fcr deren Produkte zur Verf\u00fcgung. Wir erbringen keinerlei Reisedienstleistungen, diese Dienstleistungen erbringen ausschlieslich die Reiseveranstallter, Reisevermittlungen, Reiseb\u00fcros und Reisedienstleister, bei denen Sie Ihre Reisebuchungsvertr\u00e4ge abschliessen, wir \u00fcbernehmen daher keine Gew\u00e4hr oder Haftung f\u00fcr die korrekte Ausf\u00fchrung der Reisebuchungsvertr\u00e4ge und was diese beinhalten. Wenn Sie Fragen zu den Leistungserbingungen oder Reisebuchung haben, nehmen Sie direkt Kontakt zu dem Reiseveranstalter auf, bei dem Sie die Reisebuchung get\u00e4tigt haben, es gelten immer die allgemeinen Gesch\u00e4ftsbedingungen AGB des selbigen, die Sie bei der Buchung best\u00e4tigen m\u00fcssen und vorher einsehen k\u00f6nnen.<\/p>\n<p><strong>Alle Reisebuchungsformulare, die auf lastminute-com.com Verwendung finden, f\u00fchren Sie direkt zu dem Reiseveranstalter, Reisevermittler oder dem Erbringer der angebotenen Reisedienstleistung<\/strong>.<\/p>\n<p><strong>Fragen &#038; Antworten zur Reisebuchung in der <a href=\"https:\/\/lastminute-com.com\/home\/buchungshilfe-urlaub-reisebuchung\/\"><em> >>> Buchungshilfe <<< <\/em><\/a><\/strong><\/p>\n<p>Partner AGB: <a href=\"https:\/\/www.travelsystem.de\/formulare\/agb.php?id=A-29203-2\" target=\"_blank\">Leistungstraeger Travianet GmbH <\/a><\/p>\n<p><strong>Rechtlicher Hinweis<\/strong><br \/>\nS\u00e4mtliche Texte, Scripte und Bilddateien sind urheberrechtlich gesch\u00fctzt. Die Verwertung und Vervielf\u00e4ltigung dieser Inhalte und Daten ohne schriftliche Genehmigung von 1reisen.com bzw. unseren Partnerseiten ist untersagt (\u00a7 72 i.V.m. \u00a72 Abs. 1 Nr. 5 UrhG).<\/p>\n<p>Mit Urteil vom 12. Mai 1998 hat das Landgericht Hamburg entschieden, dass man durch die Ausbringung eines Links die Inhalte der gelinkten Seite ggf. mit zu verantworten hat. Dies kann, so das LG, nur dadurch verhindert werden, dass man sich ausdr\u00fccklich von diesen Inhalten distanziert.<\/p>\n<p>Auch auf unseren Webseiten finden Sie Links zu anderen Webseiten, von denen wir uns deshalb ausdr\u00fccklich distanzieren. Wir haben keinerlei Einfluss auf Inhalte und Gestaltung dieser Webseiten und machen uns deren Inhalte nicht zu Eigen.<\/p>\n<\/div>\n<\/div>\n","protected":false},"excerpt":{"rendered":"<p>Allgemeine Gesch\u00e4ftsbedingunge Fragen &#038; Antworten zu Ihrer Reisebuchung >>> Buchungshilfe Buchungshilfe<\/p>\n","protected":false},"author":1,"featured_media":0,"parent":27,"menu_order":9,"comment_status":"closed","ping_status":"open","template":"sidebar-page.php","meta":{"footnotes":""},"class_list":["post-55","page","type-page","status-publish","hentry"],"_links":{"self":[{"href":"https:\/\/lastminute-com.com\/reisen\/wp-json\/wp\/v2\/pages\/55","targetHints":{"allow":["GET"]}}],"collection":[{"href":"https:\/\/lastminute-com.com\/reisen\/wp-json\/wp\/v2\/pages"}],"about":[{"href":"https:\/\/lastminute-com.com\/reisen\/wp-json\/wp\/v2\/types\/page"}],"author":[{"embeddable":true,"href":"https:\/\/lastminute-com.com\/reisen\/wp-json\/wp\/v2\/users\/1"}],"replies":[{"embeddable":true,"href":"https:\/\/lastminute-com.com\/reisen\/wp-json\/wp\/v2\/comments?post=55"}],"version-history":[{"count":5,"href":"https:\/\/lastminute-com.com\/reisen\/wp-json\/wp\/v2\/pages\/55\/revisions"}],"predecessor-version":[{"id":8674,"href":"https:\/\/lastminute-com.com\/reisen\/wp-json\/wp\/v2\/pages\/55\/revisions\/8674"}],"up":[{"embeddable":true,"href":"https:\/\/lastminute-com.com\/reisen\/wp-json\/wp\/v2\/pages\/27"}],"wp:attachment":[{"href":"https:\/\/lastminute-com.com\/reisen\/wp-json\/wp\/v2\/media?parent=55"}],"curies":[{"name":"wp","href":"https:\/\/api.w.org\/{rel}","templated":true}]}}