{"id":121,"date":"2012-09-13T04:58:08","date_gmt":"2012-09-13T02:58:08","guid":{"rendered":"https:\/\/lastminute-com.com\/reisen\/?page_id=121"},"modified":"2025-11-10T02:48:04","modified_gmt":"2025-11-10T00:48:04","slug":"ferienwohnungen-ferienhaus","status":"publish","type":"page","link":"https:\/\/lastminute-com.com\/reisen\/ferienwohnungen-ferienhaus\/","title":{"rendered":"Ferienwohnungen"},"content":{"rendered":"<h3>Hier finden Sie freie Ferienh\u00e4user und Ferienwohnungen in Europa Deutschland Finnland Frankreich D\u00e4nemark Irland Italien Kroatien Niederlande Norwegen Deutschland \u00d6sterreich Schweiz Portugal Schweden Spanien Tschechien Ungarn und den USA im Preisvergleich. Jedes Ferienhaus oder Ferienwohnung ist individuel und privat eingerichtet.<\/h3>\n<div class=\"tabber\">\n<div class=\"tabbertab\">\n<h3>Angebote<\/h3>\n<h5>Preisvergleich Angebote von allen Anbietern<\/h5>\n<p><strong>Wenn Ihnen ein Objekt gef\u00e4llt auf Details klicken und \u00f6ffnen um alles \u00fcber die Unterkunft zu erfahren, Buchungsvorgang erfolgt SSL verschl\u00fcsselt.<\/strong><br \/>\n<iframe loading=\"lazy\" frameborder=\"0\" src=\"https:\/\/www.interhome.de\/Forward.aspx?navigationid=56&#038;partnerid=IC0075039&#038;iniframe=1&#038;partneridzu=A-29203-2\" scrolling=\"auto\" width=\"100%\" height=\"3500\" name=\"fewo\"><\/p>\n<p>Ihr Browser kann leider keine eingebetteten Frames anzeigen:<br \/>\n  Sie k&ouml;nnen die eingebettete Seite &uuml;ber den folgenden Verweis<br \/>\n  aufrufen: <a href=\"https:\/\/www.interhome.de\/Forward.aspx?navigationid=56&#038;partnerid=IC0075039&#038;iniframe=1&#038;partneridzu=A-29203-2\">Hier geht es zur Ferienh\u00e4user Buchen<\/a><\/iframe><\/p>\n<\/div>\n<div class=\"tabbertab\">\n<h3>Karte<\/h3>\n<p> <b>Finden Sie die beste Route zu Ihrer Unterkunft<\/b><\/p>\n<div class=\"su-gmap su-u-responsive-media-yes\"><iframe loading=\"lazy\" width=\"600\" height=\"400\" src=\"\/\/maps.google.com\/maps?q=Europa&amp;output=embed\" title=\"\"><\/iframe><\/div>\n<\/div>\n<div class=\"tabbertab\">\n<h3>Info<\/h3>\n<p><center><b>Information zur Online Reise Buchung<\/b><br \/>\n<a href=\"https:\/\/lastminute-com.com\/home\/buchungshilfe-urlaub-reisebuchung\/\"><strong>Buchungshilfe<\/strong><\/a><\/p>\n<p><center><br \/>\nD\u00e4nemark Deutschland Finnland Frankreich Irland Italien Kroatien Niederlande Norwegen Deutschland \u00d6sterreich Schweiz Portugal Schweden Spanien Tschechien Ungarn USA<\/p>\n<p><\/center><\/p>\n<p><font size=\"1\" color=\"#f4eeee\"><br \/>\n<marquee><b>Reiseangebote: 1 Tag, 2 Tage, 3 Tage, 4 Tage, 5 Tage, 6 Tage, 7 Tage, 8 Tage, 9 Tage, 10 Tage, 11 Tage, 12 Tage, 13 Tage, 14 Tage, 15 Tage, 16 Tage, 17 Tage, 18 Tage, 19 Tage, 20 Tage, 21 Tage, 1 Woche, 2 Wochen, 3 Wochen, 4 Wochen, Sterne, Hotels, Reisen unter 100 unter 200 unter 300 unter 400 unter 500 Euro 600 unter 700 unter 800, 900, 1000, 1100, bis 1200, bis 1300, bis 1400, bis 1500, bis 1600, bis 1700, bis 1800, bis 1900, bis 2000, bis 2100, bis 2200, bis 2300, bis 2400, bis 2500, bis 2600, bis 2700 Pro Person <\/b><\/marquee><\/font> <\/p>\n<\/div>\n<\/div>\n","protected":false},"excerpt":{"rendered":"<p>Hier finden Sie freie Ferienh\u00e4user und Ferienwohnungen in Europa Deutschland Finnland Frankreich D\u00e4nemark Irland Italien Kroatien Niederlande Norwegen Deutschland \u00d6sterreich Schweiz Portugal Schweden Spanien Tschechien Ungarn und den USA im Preisvergleich. Jedes Ferienhaus oder Ferienwohnung ist individuel und privat eingerichtet. &hellip; <a href=\"https:\/\/lastminute-com.com\/reisen\/ferienwohnungen-ferienhaus\/\">Weiterlesen <span class=\"meta-nav\">&rarr;<\/span><\/a><\/p>\n","protected":false},"author":1,"featured_media":0,"parent":0,"menu_order":5,"comment_status":"closed","ping_status":"open","template":"","meta":{"footnotes":""},"class_list":["post-121","page","type-page","status-publish","hentry"],"_links":{"self":[{"href":"https:\/\/lastminute-com.com\/reisen\/wp-json\/wp\/v2\/pages\/121","targetHints":{"allow":["GET"]}}],"collection":[{"href":"https:\/\/lastminute-com.com\/reisen\/wp-json\/wp\/v2\/pages"}],"about":[{"href":"https:\/\/lastminute-com.com\/reisen\/wp-json\/wp\/v2\/types\/page"}],"author":[{"embeddable":true,"href":"https:\/\/lastminute-com.com\/reisen\/wp-json\/wp\/v2\/users\/1"}],"replies":[{"embeddable":true,"href":"https:\/\/lastminute-com.com\/reisen\/wp-json\/wp\/v2\/comments?post=121"}],"version-history":[{"count":9,"href":"https:\/\/lastminute-com.com\/reisen\/wp-json\/wp\/v2\/pages\/121\/revisions"}],"predecessor-version":[{"id":9005,"href":"https:\/\/lastminute-com.com\/reisen\/wp-json\/wp\/v2\/pages\/121\/revisions\/9005"}],"wp:attachment":[{"href":"https:\/\/lastminute-com.com\/reisen\/wp-json\/wp\/v2\/media?parent=121"}],"curies":[{"name":"wp","href":"https:\/\/api.w.org\/{rel}","templated":true}]}}