{"id":117,"date":"2012-09-13T03:54:52","date_gmt":"2012-09-13T01:54:52","guid":{"rendered":"https:\/\/lastminute-com.com\/reisen\/?page_id=117"},"modified":"2020-01-16T05:38:57","modified_gmt":"2020-01-16T03:38:57","slug":"kreuzfahrten-schiffsreisen","status":"publish","type":"page","link":"https:\/\/lastminute-com.com\/reisen\/kreuzfahrten-schiffsreisen\/","title":{"rendered":"Kreuzfahrten"},"content":{"rendered":"<h3>Ihre Kreuzfahrt g\u00fcnstig buchen im Preisvergleich<\/h3>\n<div class=\"tabber\">\n<div class=\"tabbertab\">\n<h3>Kreuzfahrtangebote<\/h3>\n<p><iframe loading=\"lazy\" src=\"https:\/\/www.cruiseportal.de\/modul\/vs2\/welcome.html?ref=Touristikboerse&#038;ibo=A-29203-2\" name=\"navigator\" width=\"100%\" height=\"6000\" frameborder=\"0\" scrolling=\"auto\">Kreuzfahrt buchen<\/iframe><\/p>\n<h3>Buchen Sie bequem Ihre Schiffsreise \u00fcber diese Buchungsmaske<\/h3>\n<p>Das geht ganz einfach, geben Sie Ihre gew\u00fcnschten Reisedaten in die Suchmaske ein, Anzahl der Personen, wie viele Tage, alle Veranstalter oder einen bestimmten Reiseveranstalter aussuchen und das Kreuzfahrtgebiet z.B. Atlantik, Antarktis, Alaska, Fjorde, Indischer Ozean usw. Sonderangebote oder Lastminute makieren und Suche starten anklicken, es werden Ihnen alle verf\u00fcgbaren Reisen angezeigt, nun noch ausw\u00e4hlen und Details und weiter anklicken, Ihre pers\u00f6nlichen Daten eintragen, gew\u00fcnschte Zahlungsart evtl. noch eine Reiser\u00fccktrittsversicherung dazu nehmen &#8211; AGB Ihr H\u00e4kchen machen &#8211; Reise buchen anklicken und fertig.\n<\/p><\/div>\n<div class=\"tabbertab\">\n<h3>Hochsee<\/h3>\n<p><iframe loading=\"lazy\" src=\"https:\/\/www.cruiseportal.de\/modul\/vs2\/cruises.html?&#038;ref=Touristikboerse&#038;ibo=A-29203-2&#038;&#038;srcShipType=1\" name=\"navigator\" width=\"100%\" height=\"6000\" frameborder=\"0\" scrolling=\"auto\">Hochseekreuzfahrt buchen<\/iframe>\n<\/div>\n<div class=\"tabbertab\">\n<h3>Flu\u00dfkreuzfahrt<\/h3>\n<p><iframe loading=\"lazy\" src=\"https:\/\/www.cruiseportal.de\/modul\/vs2\/cruises.html?ref=Touristikboerse&#038;ibo=A-29203-2&#038;srcShipTypeID=2\" name=\"navigator\" width=\"100%\" height=\"6000\" frameborder=\"0\" scrolling=\"auto\">Flu\u00dfkreuzfahrt buchen<\/iframe>\n<\/div>\n<div class=\"tabbertab\">\n<h3>Windjammer<\/h3>\n<p><iframe loading=\"lazy\" src=\"https:\/\/www.cruiseportal.de\/modul\/vs2\/cruises.html?&#038;ref=Touristikboerse&#038;ibo=A-29203-2&#038;srcShipTypeID=5\" name=\"navigator\" width=\"100%\" height=\"6000\" frameborder=\"0\" scrolling=\"auto\">Windjammer buchen<\/iframe>\n<\/div>\n<div class=\"tabbertab\">\n<h3>Luxusschiffe<\/h3>\n<p><iframe loading=\"lazy\" src=\"https:\/\/www.cruiseportal.de\/modul\/vs2\/cruises.html?&#038;ref=Touristikboerse&#038;ibo=A-29203-2&#038;srcShipTypeID=3\" name=\"navigator\" width=\"100%\" height=\"6000\" frameborder=\"0\" scrolling=\"auto\">Luxusschiffe buchen<\/iframe>\n<\/div>\n<div class=\"tabbertab\">\n<h3>Clubschiffe<\/h3>\n<p><iframe loading=\"lazy\" src=\"https:\/\/www.cruiseportal.de\/modul\/vs2\/cruises.html?&#038;ref=Touristikboerse&#038;ibo=A-29203-2&#038;srcShipTypeID=8\" name=\"navigator\" width=\"100%\" height=\"6000\" frameborder=\"0\" scrolling=\"auto\">Clubschiffe buchen<\/iframe>\n<\/div>\n<div class=\"tabbertab\">\n<h3>Expeditionsschiffe<\/h3>\n<p><iframe loading=\"lazy\" src=\"https:\/\/www.cruiseportal.de\/modul\/vs2\/cruises.html?&#038;ref=Touristikboerse&#038;ibo=A-29203-2&#038;srcShipTypeID=7\" name=\"navigator\" width=\"100%\" height=\"6000\" frameborder=\"0\" scrolling=\"auto\">Expeditionsschiffe buchen<\/iframe>\n<\/div>\n<\/div>\n<p>&nbsp;<\/p>\n<h5>Buchen Sie eine Schiffsreise mit einem Kreuzfahrtschiff dieser Reedereien <a href=\" \"><strong><em>Aida Cruises<\/em><\/strong> &#8211; <strong><em>Azamara Cruises<\/em><\/strong> &#8211; <strong><em>Carnival Cruises<\/em><\/strong> &#8211; <strong><em>Celebrity Cruises<\/em><\/strong> &#8211; <strong><em>Club Med Cruises<\/em><\/strong> &#8211; <strong><em>Cunard Cruises<\/em><\/strong> &#8211; <strong><em>Deilmann Cruises<\/em><\/strong> &#8211; <strong><em>Hapag-Lloyd Cruises<\/em><\/strong> &#8211; <strong><em>Hurtigruten Cruises<\/em><\/strong> &#8211; <strong><em>MSC Cruises<\/em><\/strong> &#8211; <strong><em>Norwegian Cruises<\/em><\/strong> &#8211; <strong><em>Oceania Cruises<\/em><\/strong> &#8211; <strong><em>Phoenix Cruises<\/em><\/strong> &#8211; <strong><em>MSC Cruises<\/em><\/strong> &#8211; <strong><em>Plantours<\/em><\/strong> &#8211; <strong><em>Regent Seven Seas<\/em><\/strong> &#8211; <strong><em>Royal Caribbean<\/em><\/strong> &#8211; <strong><em>Sea Cloud Cruises<\/em><\/strong> &#8211; <strong><em>Seabourn<\/em><\/strong> &#8211; <strong><em>SeaDream YachtClub<\/em><\/strong> &#8211; <strong><em>SEATRAVEL<\/em><\/strong> &#8211; <strong><em>Transocean<\/em><\/strong> &#8211; <strong><em>TUI Cruises<\/em><\/strong> &#8211; <strong><em>Compagnie du Ponant<\/em><\/strong> &#8211; <strong><em>Windstar Cruises<\/em><\/strong> <\/a> suchen finden Kreuzfahrtrouten<\/h5>\n<p>&nbsp;<\/p>\n<h5>Schiffsreisen Weltweit f\u00fcr diese Regionen top Kreuzfahrt Angebote<\/h5>\n<p><b><em> Nordsee \u2013 Ostsee \u2013 Mittelmeer Kreuzfahrt\u2013 Indischer Ozean \u2013 Rund um S\u00fcdamerika \u2013 S\u00fcdafrika, Indischer Ozean \u2013 Hawaii \u2013 USA, Ostk\u00fcste \u2013 S\u00fcdafrika, Indischer Ozean \u2013 Nordkap Kreuzfahrt \u2013 Nordafrika, Mittelmeerk\u00fcste \u2013 S\u00fcdafrika, Atlantikk\u00fcste \u2013 Karibik, s\u00fcdlich \u2013 Karibik, westlich \u2013 Mittelamerika, Pazifikk\u00fcste \u2013 Transpazifik \u2013 Transasien \u2013 Transatlantik, s\u00fcdlich \u2013 Transatlantik, n\u00f6rdlich \u2013 Australien Kreuzfahrten \u2013 Neuseeland \u2013 S\u00fcdamerika, Pazifikk\u00fcste \u2013 S\u00fcdamerika, Atlantikk\u00fcste \u2013 Tasmanien \u2013 Nordafrika, Atlantikk\u00fcste \u2013 Arabisches Meer \u2013 Antarktis, S\u00fcdliches Polarmeer \u2013 Alaska Kreuzfahrt \u2013 Galapagosinseln \u2013 Arktis, N\u00f6rdliches Polarmeer \u2013 Amazonas Kreuzfahrt \u2013 Schwarzes Meer \u2013 Rotes Meer \u2013 Weltreise mit dem Schiff \u2013 Kanada &amp; Neuengland \u2013 Kanarische Inseln \u2013 Britische Inseln \u2013 S\u00fcdsee \u2013 Bermudas Kreuzfahrt \u2013 Mexikanische Riviera \u2013 S\u00fcdostasien \u2013 Gr\u00f6nland \u2013 Panamakanal \u2013 Nordmeer &#8211; Flusskreuzfahrten &#8211; Donau &#8211; Rhein &#8211; Elbe &#8211; Neckar &#8211; Rh\u00f4ne\/Frankreich &#8211; Russische Fl\u00fcsse &#8211; Jangtse\/China &#8211; G\u00f6ta-Kanal\/Schweden &#8211; Amerikanische Fl\u00fcsse \u2013 Mekong\/Vietnam \u2013 Canal de Bourgogne (Burgund-Kanal) \u2013 Irawadi-Delta\/Myanmar \u2013 Amazonas Kreuzfahrten \u2013 Indische Fl\u00fcsse \u2013 Benelux L\u00e4nder \u2013 Elbe-Havel-Kanal \/ Oder-Havel-Kanal \u2013 Spree \u2013 Masurische Seenplatte \u2013 Moldau \u2013 Neckar \u2013 Nil\/\u00c4gypten \u2013 Dnjepr \u2013 Saar \u2013 Mosel \u2013 Main \u2013 Douro\/Portugal \u2013 Po\/Italien \u2013 Peene \u2013 Seine\/Frankreich \u2013 Main-Donau Kanal<\/em><\/b><br \/>\nAida Cruises \u2013 Azamara Cruises \u2013 Carnival Cruises \u2013 Celebrity Cruises \u2013 Club Med Cruises \u2013 Cunard Cruises \u2013 Deilmann Cruises \u2013 Hapag-Lloyd Cruises \u2013 Hurtigruten Cruises \u2013 MSC Cruises \u2013 Norwegian Cruises \u2013 Oceania Cruises \u2013 Phoenix Cruises \u2013 MSC Cruises \u2013 Plantours \u2013 Regent Seven Seas \u2013 Royal Caribbean \u2013 Sea Cloud Cruises \u2013 Seabourn \u2013 SeaDream YachtClub \u2013 SEATRAVEL \u2013 Transocean \u2013 TUI Cruises \u2013 Compagnie du Ponant \u2013 Windstar Cruises<\/p>\n","protected":false},"excerpt":{"rendered":"<p>Ihre Kreuzfahrt g\u00fcnstig buchen im Preisvergleich Kreuzfahrtangebote Kreuzfahrt buchen Buchen Sie bequem Ihre Schiffsreise \u00fcber diese Buchungsmaske Das geht ganz einfach, geben Sie Ihre gew\u00fcnschten Reisedaten in die Suchmaske ein, Anzahl der Personen, wie viele Tage, alle Veranstalter oder einen &hellip; <a href=\"https:\/\/lastminute-com.com\/reisen\/kreuzfahrten-schiffsreisen\/\">Weiterlesen <span class=\"meta-nav\">&rarr;<\/span><\/a><\/p>\n","protected":false},"author":1,"featured_media":0,"parent":0,"menu_order":6,"comment_status":"closed","ping_status":"open","template":"","meta":{"footnotes":""},"class_list":["post-117","page","type-page","status-publish","hentry"],"_links":{"self":[{"href":"https:\/\/lastminute-com.com\/reisen\/wp-json\/wp\/v2\/pages\/117","targetHints":{"allow":["GET"]}}],"collection":[{"href":"https:\/\/lastminute-com.com\/reisen\/wp-json\/wp\/v2\/pages"}],"about":[{"href":"https:\/\/lastminute-com.com\/reisen\/wp-json\/wp\/v2\/types\/page"}],"author":[{"embeddable":true,"href":"https:\/\/lastminute-com.com\/reisen\/wp-json\/wp\/v2\/users\/1"}],"replies":[{"embeddable":true,"href":"https:\/\/lastminute-com.com\/reisen\/wp-json\/wp\/v2\/comments?post=117"}],"version-history":[{"count":7,"href":"https:\/\/lastminute-com.com\/reisen\/wp-json\/wp\/v2\/pages\/117\/revisions"}],"predecessor-version":[{"id":8773,"href":"https:\/\/lastminute-com.com\/reisen\/wp-json\/wp\/v2\/pages\/117\/revisions\/8773"}],"wp:attachment":[{"href":"https:\/\/lastminute-com.com\/reisen\/wp-json\/wp\/v2\/media?parent=117"}],"curies":[{"name":"wp","href":"https:\/\/api.w.org\/{rel}","templated":true}]}}